{"id":23,"date":"2014-04-25T12:34:10","date_gmt":"2014-04-25T10:34:10","guid":{"rendered":"http:\/\/www.rehse.info\/?page_id=23"},"modified":"2025-06-27T07:32:30","modified_gmt":"2025-06-27T06:32:30","slug":"impressum","status":"publish","type":"page","link":"https:\/\/rehse.info\/en\/impressum\/","title":{"rendered":"imprint"},"content":{"rendered":"<h2 class=\"wp-block-heading has-text-align-center has-ast-global-color-5-background-color has-background\">imprint<\/h2>\n\n\n\n<div class=\"wp-block-columns is-layout-flex wp-container-core-columns-is-layout-28f84493 wp-block-columns-is-layout-flex\">\n<div class=\"wp-block-column is-layout-flow wp-block-column-is-layout-flow\">\n<p>Verantwortlich f\u00fcr diese Seite ist: Dr. Mario Rehse | K\u00f6penicker Stra\u00dfe 124 | 10179 Berlin | &#x6b;&#x6f;&#x6e;&#x74;&#97;&#107;&#116;&#64;r&#x65;&#x68;&#x73;&#x65;&#x2e;&#105;&#110;&#102;o | +49 30 64831028<\/p>\n\n\n\n<p>Dr. Mario Rehse ist beim Bundestag <a href=\"https:\/\/www.lobbyregister.bundestag.de\/suche\/R006381\/28066\">registered lobbyist<\/a>. <\/p>\n\n\n\n<p>Dr. Mario Rehse ist in der Bundesrepublik Deutschland zugelassener Rechtsanwalt (gesetzliche Berufsbezeichnung). Die f\u00fcr ihn zust\u00e4ndige Aufsichtsbeh\u00f6rde und Kammer ist die <a href=\"https:\/\/www.rak-berlin.de\/\">Rechtsanwaltskammer Berlin<\/a>. Die einschl\u00e4gigen berufsrechtlichen Regelungen sind bei der <a href=\"https:\/\/www.brak.de\/anwaltschaft\/berufsrecht\/\">Bundesrechtsanwaltskammer<\/a> abrufbar. Eine Berufshaftpflichtversicherung besteht bei der HDI Versicherung AG, 30650 Hannover.<\/p>\n\n\n\n<p>Rechtsanwalt Dr. Mario Rehse ist zur Teilnahme an Streitbeilegungsverfahren bei der <a href=\"https:\/\/www.schlichtungsstelle-der-rechtsanwaltschaft.de\/\" data-type=\"link\" data-id=\"https:\/\/www.schlichtungsstelle-der-rechtsanwaltschaft.de\/\" target=\"_blank\" rel=\"noreferrer noopener\">Schlichtungsstelle der Rechtsanwaltschaft<\/a>, Rauchstra\u00dfe 26, 10787 Berlin bereit.<\/p>\n\n\n\n<p>Umsatzsteuer-ID: DE360361322<\/p>\n<\/div>\n<\/div>\n\n\n\n<p><\/p>","protected":false},"excerpt":{"rendered":"<p>Impressum Verantwortlich f\u00fcr diese Seite ist: Dr. Mario Rehse | K\u00f6penicker Stra\u00dfe 124 | 10179 Berlin | &#x6b;&#x6f;&#x6e;&#116;&#97;kt&#x40;&#x72;&#x65;&#104;&#115;e&#46;&#x69;&#x6e;&#x66;&#111; | +49 [&hellip;]<\/p>\n","protected":false},"author":1,"featured_media":0,"parent":0,"menu_order":0,"comment_status":"closed","ping_status":"closed","template":"","meta":{"site-sidebar-layout":"default","site-content-layout":"","ast-site-content-layout":"normal-width-container","site-content-style":"boxed","site-sidebar-style":"default","ast-global-header-display":"","ast-banner-title-visibility":"disabled","ast-main-header-display":"","ast-hfb-above-header-display":"","ast-hfb-below-header-display":"","ast-hfb-mobile-header-display":"","site-post-title":"disabled","ast-breadcrumbs-content":"","ast-featured-img":"","footer-sml-layout":"disabled","ast-disable-related-posts":"","theme-transparent-header-meta":"","adv-header-id-meta":"","stick-header-meta":"","header-above-stick-meta":"","header-main-stick-meta":"","header-below-stick-meta":"","astra-migrate-meta-layouts":"default","ast-page-background-enabled":"default","ast-page-background-meta":{"desktop":{"background-color":"var(--ast-global-color-5)","background-image":"","background-repeat":"repeat","background-position":"center center","background-size":"auto","background-attachment":"scroll","background-type":"","background-media":"","overlay-type":"","overlay-color":"","overlay-opacity":"","overlay-gradient":""},"tablet":{"background-color":"","background-image":"","background-repeat":"repeat","background-position":"center center","background-size":"auto","background-attachment":"scroll","background-type":"","background-media":"","overlay-type":"","overlay-color":"","overlay-opacity":"","overlay-gradient":""},"mobile":{"background-color":"","background-image":"","background-repeat":"repeat","background-position":"center center","background-size":"auto","background-attachment":"scroll","background-type":"","background-media":"","overlay-type":"","overlay-color":"","overlay-opacity":"","overlay-gradient":""}},"ast-content-background-meta":{"desktop":{"background-color":"var(--ast-global-color-4)","background-image":"","background-repeat":"repeat","background-position":"center center","background-size":"auto","background-attachment":"scroll","background-type":"","background-media":"","overlay-type":"","overlay-color":"","overlay-opacity":"","overlay-gradient":""},"tablet":{"background-color":"var(--ast-global-color-4)","background-image":"","background-repeat":"repeat","background-position":"center center","background-size":"auto","background-attachment":"scroll","background-type":"","background-media":"","overlay-type":"","overlay-color":"","overlay-opacity":"","overlay-gradient":""},"mobile":{"background-color":"var(--ast-global-color-4)","background-image":"","background-repeat":"repeat","background-position":"center center","background-size":"auto","background-attachment":"scroll","background-type":"","background-media":"","overlay-type":"","overlay-color":"","overlay-opacity":"","overlay-gradient":""}},"footnotes":""},"class_list":["post-23","page","type-page","status-publish","hentry"],"_links":{"self":[{"href":"https:\/\/rehse.info\/en\/wp-json\/wp\/v2\/pages\/23","targetHints":{"allow":["GET"]}}],"collection":[{"href":"https:\/\/rehse.info\/en\/wp-json\/wp\/v2\/pages"}],"about":[{"href":"https:\/\/rehse.info\/en\/wp-json\/wp\/v2\/types\/page"}],"author":[{"embeddable":true,"href":"https:\/\/rehse.info\/en\/wp-json\/wp\/v2\/users\/1"}],"replies":[{"embeddable":true,"href":"https:\/\/rehse.info\/en\/wp-json\/wp\/v2\/comments?post=23"}],"version-history":[{"count":13,"href":"https:\/\/rehse.info\/en\/wp-json\/wp\/v2\/pages\/23\/revisions"}],"predecessor-version":[{"id":655,"href":"https:\/\/rehse.info\/en\/wp-json\/wp\/v2\/pages\/23\/revisions\/655"}],"wp:attachment":[{"href":"https:\/\/rehse.info\/en\/wp-json\/wp\/v2\/media?parent=23"}],"curies":[{"name":"wp","href":"https:\/\/api.w.org\/{rel}","templated":true}]}}