{"id":317,"date":"2024-02-11T09:23:00","date_gmt":"2024-02-11T08:23:00","guid":{"rendered":"http:\/\/rehse.info\/?page_id=317"},"modified":"2025-06-26T09:20:30","modified_gmt":"2025-06-26T08:20:30","slug":"angebot","status":"publish","type":"page","link":"https:\/\/rehse.info\/de\/angebot\/","title":{"rendered":"Angebot"},"content":{"rendered":"\n<h2 class=\"wp-block-heading\"><strong>Warum<\/strong><\/h2>\n\n\n\n<p>Regulierungsintensit\u00e4t nimmt gerade in der Digitalwirtschaft stetig zu. Damit w\u00e4chst f\u00fcr Unternehmen das Netz zu ber\u00fccksichtigender Anforderungen mit zus\u00e4tzlichem Aufwand und einer etwaigen Beschr\u00e4nkung der eigenen T\u00e4tigkeit. Gleichzeitig bietet Regulierung die Chance f\u00fcr die St\u00e4rkung der eigenen Wettbewerbsposition. Um diesen Prozess aktiv zu mitzugestalten, steigt das Bed\u00fcrfnis zum sachkundigen, rechtzeitigen und adressatengerechten Austausch mit Gesetzgeber, Regulierungsbeh\u00f6rden und Multiplikatoren \u2013 und damit die neben dem Tagesgesch\u00e4ft zu bew\u00e4ltigenden Aufgaben.<\/p>\n\n\n\n<h2 class=\"wp-block-heading\"><strong>Wer<\/strong><\/h2>\n\n\n\n<p>Als Berater, bei der Rechtsanwaltskammer Berlin zugelassener Rechtsanwalt und beim Bundestag <a href=\"https:\/\/www.lobbyregister.bundestag.de\/suche\/R006381\/28066\">registrierter Interessenvertreter<\/a> berate und unterst\u00fctze ich bei der Interessenvertretung innerhalb regulierter Branchen. Dabei st\u00fctze ich mich als promovierter Volljurist auf <a href=\"https:\/\/rehse.info\/\" data-type=\"page\" data-id=\"5\">15 Jahre Erfahrung<\/a> im politischen Berlin und Br\u00fcssel in Experten- und F\u00fchrungspositionen sowie der aktiven Begleitung kontrovers diskutierter Dossiers und kritischer Situationen. Mit gesch\u00e4rftem Blick f\u00fcr \u00f6konomische Interessen und technischem Verst\u00e4ndnis habe ich einen hohen inhaltlichen Anspruch an die eigene Arbeit, bringe meine eigene Themen- und Methodenkompetenz ein und setze Ideen strukturiert, effizient und schn\u00f6rkellos um. Freiberuflich habe ich jenseits des Tagesgesch\u00e4fts und organisatorischer Verpflichtungen gedankliche und zeitliche Freir\u00e4ume, um Themen zu strukturieren, Wissen zu aggregieren und Strategien ergebnisorientiert umzusetzen bzw. bei der Durchf\u00fchrung zu unterst\u00fctzen.<\/p>\n\n\n\n<h2 class=\"wp-block-heading\"><strong>Beratungs- und Unterst\u00fctzungsleistungen<\/strong><\/h2>\n\n\n\n<ul class=\"wp-block-list\">\n<li>Strukturierte Analyse, Bewertung und Aufbereitung rechtlich-regulatorischer und gesetzgeberischer Vorg\u00e4nge zugespitzt auf die individuellen Belange | pragmatische, ziel- und ergebnisorientierte Recherche und Wissensaggregation komplexer politischer, regulatorischer und rechtlicher Themengebiete<\/li>\n\n\n\n<li>Erarbeitung einer effizienten, effektiven und stets auf das angestrebte Ergebnis ausgerichteten Strategie | zielgerichtete Stakeholderanalyse und klare Priorisierung | Herausarbeitung der individuellen Ansatzpunkte f\u00fcr die eigene Kommunikation<\/li>\n\n\n\n<li>Umsetzung der Strategie durch Steuerung regulatorischer Projekte oder als verl\u00e4ngerte Werkbank | Aufbereitung in Form von Positions- und Argumentationspapieren in Gesetzgebungsverfahren, beh\u00f6rdlichen Stellungnahmen und Reports, Pr\u00e4sentationen, Hintergrundpapieren, Sprechzetteln und vergleichbaren Dokumenten f\u00fcr interne Zwecke oder zur Kommunikation gegen\u00fcber externen Entscheidungstr\u00e4gern<\/li>\n<\/ul>\n\n\n\n<div style=\"height:40px\" aria-hidden=\"true\" class=\"wp-block-spacer\"><\/div>\n\n\n\n<p><strong>Kontakt<\/strong><\/p>\n\n\n\n<ul class=\"wp-block-social-links has-icon-color is-style-logos-only is-content-justification-left is-layout-flex wp-container-core-social-links-is-layout-fc4fd283 wp-block-social-links-is-layout-flex\"><li style=\"color:#111111;\" class=\"wp-social-link wp-social-link-mail has-contrast-color wp-block-social-link\"><a href=\"mailto:ko&#110;&#116;a&#107;&#116;&#064;re&#104;&#115;e.&#105;n&#102;o\" class=\"wp-block-social-link-anchor\"><svg width=\"24\" height=\"24\" viewBox=\"0 0 24 24\" version=\"1.1\" xmlns=\"http:\/\/www.w3.org\/2000\/svg\" aria-hidden=\"true\" focusable=\"false\"><path d=\"M19,5H5c-1.1,0-2,.9-2,2v10c0,1.1.9,2,2,2h14c1.1,0,2-.9,2-2V7c0-1.1-.9-2-2-2zm.5,12c0,.3-.2.5-.5.5H5c-.3,0-.5-.2-.5-.5V9.8l7.5,5.6,7.5-5.6V17zm0-9.1L12,13.6,4.5,7.9V7c0-.3.2-.5.5-.5h14c.3,0,.5.2.5.5v.9z\"><\/path><\/svg><span class=\"wp-block-social-link-label screen-reader-text\">E-Mail<\/span><\/a><\/li>\n\n<li style=\"color:#111111;\" class=\"wp-social-link wp-social-link-linkedin has-contrast-color wp-block-social-link\"><a href=\"https:\/\/www.linkedin.com\/in\/mariorehse\" class=\"wp-block-social-link-anchor\"><svg width=\"24\" height=\"24\" viewBox=\"0 0 24 24\" version=\"1.1\" xmlns=\"http:\/\/www.w3.org\/2000\/svg\" aria-hidden=\"true\" focusable=\"false\"><path d=\"M19.7,3H4.3C3.582,3,3,3.582,3,4.3v15.4C3,20.418,3.582,21,4.3,21h15.4c0.718,0,1.3-0.582,1.3-1.3V4.3 C21,3.582,20.418,3,19.7,3z M8.339,18.338H5.667v-8.59h2.672V18.338z M7.004,8.574c-0.857,0-1.549-0.694-1.549-1.548 c0-0.855,0.691-1.548,1.549-1.548c0.854,0,1.547,0.694,1.547,1.548C8.551,7.881,7.858,8.574,7.004,8.574z M18.339,18.338h-2.669 v-4.177c0-0.996-0.017-2.278-1.387-2.278c-1.389,0-1.601,1.086-1.601,2.206v4.249h-2.667v-8.59h2.559v1.174h0.037 c0.356-0.675,1.227-1.387,2.526-1.387c2.703,0,3.203,1.779,3.203,4.092V18.338z\"><\/path><\/svg><span class=\"wp-block-social-link-label screen-reader-text\">LinkedIn<\/span><\/a><\/li>\n\n<li style=\"color:#111111;\" class=\"wp-social-link wp-social-link-whatsapp has-contrast-color wp-block-social-link\"><a href=\"https:\/\/api.whatsapp.com\/send?phone=4915228650103\" class=\"wp-block-social-link-anchor\"><svg width=\"24\" height=\"24\" viewBox=\"0 0 24 24\" version=\"1.1\" xmlns=\"http:\/\/www.w3.org\/2000\/svg\" aria-hidden=\"true\" focusable=\"false\"><path d=\"M 12.011719 2 C 6.5057187 2 2.0234844 6.478375 2.0214844 11.984375 C 2.0204844 13.744375 2.4814687 15.462563 3.3554688 16.976562 L 2 22 L 7.2324219 20.763672 C 8.6914219 21.559672 10.333859 21.977516 12.005859 21.978516 L 12.009766 21.978516 C 17.514766 21.978516 21.995047 17.499141 21.998047 11.994141 C 22.000047 9.3251406 20.962172 6.8157344 19.076172 4.9277344 C 17.190172 3.0407344 14.683719 2.001 12.011719 2 z M 12.009766 4 C 14.145766 4.001 16.153109 4.8337969 17.662109 6.3417969 C 19.171109 7.8517969 20.000047 9.8581875 19.998047 11.992188 C 19.996047 16.396187 16.413812 19.978516 12.007812 19.978516 C 10.674812 19.977516 9.3544062 19.642812 8.1914062 19.007812 L 7.5175781 18.640625 L 6.7734375 18.816406 L 4.8046875 19.28125 L 5.2851562 17.496094 L 5.5019531 16.695312 L 5.0878906 15.976562 C 4.3898906 14.768562 4.0204844 13.387375 4.0214844 11.984375 C 4.0234844 7.582375 7.6067656 4 12.009766 4 z M 8.4765625 7.375 C 8.3095625 7.375 8.0395469 7.4375 7.8105469 7.6875 C 7.5815469 7.9365 6.9355469 8.5395781 6.9355469 9.7675781 C 6.9355469 10.995578 7.8300781 12.182609 7.9550781 12.349609 C 8.0790781 12.515609 9.68175 15.115234 12.21875 16.115234 C 14.32675 16.946234 14.754891 16.782234 15.212891 16.740234 C 15.670891 16.699234 16.690438 16.137687 16.898438 15.554688 C 17.106437 14.971687 17.106922 14.470187 17.044922 14.367188 C 16.982922 14.263188 16.816406 14.201172 16.566406 14.076172 C 16.317406 13.951172 15.090328 13.348625 14.861328 13.265625 C 14.632328 13.182625 14.464828 13.140625 14.298828 13.390625 C 14.132828 13.640625 13.655766 14.201187 13.509766 14.367188 C 13.363766 14.534188 13.21875 14.556641 12.96875 14.431641 C 12.71875 14.305641 11.914938 14.041406 10.960938 13.191406 C 10.218937 12.530406 9.7182656 11.714844 9.5722656 11.464844 C 9.4272656 11.215844 9.5585938 11.079078 9.6835938 10.955078 C 9.7955938 10.843078 9.9316406 10.663578 10.056641 10.517578 C 10.180641 10.371578 10.223641 10.267562 10.306641 10.101562 C 10.389641 9.9355625 10.347156 9.7890625 10.285156 9.6640625 C 10.223156 9.5390625 9.737625 8.3065 9.515625 7.8125 C 9.328625 7.3975 9.131125 7.3878594 8.953125 7.3808594 C 8.808125 7.3748594 8.6425625 7.375 8.4765625 7.375 z\"><\/path><\/svg><span class=\"wp-block-social-link-label screen-reader-text\">WhatsApp<\/span><\/a><\/li><\/ul>\n\n\n\n<p><\/p>\n","protected":false},"excerpt":{"rendered":"<p>Warum Regulierungsintensit\u00e4t nimmt gerade in der Digitalwirtschaft stetig zu. Damit w\u00e4chst f\u00fcr Unternehmen das Netz zu ber\u00fccksichtigender Anforderungen mit zus\u00e4tzlichem [&hellip;]<\/p>\n","protected":false},"author":1,"featured_media":0,"parent":0,"menu_order":0,"comment_status":"closed","ping_status":"closed","template":"","meta":{"site-sidebar-layout":"default","site-content-layout":"","ast-site-content-layout":"default","site-content-style":"default","site-sidebar-style":"default","ast-global-header-display":"","ast-banner-title-visibility":"","ast-main-header-display":"","ast-hfb-above-header-display":"","ast-hfb-below-header-display":"","ast-hfb-mobile-header-display":"","site-post-title":"","ast-breadcrumbs-content":"","ast-featured-img":"","footer-sml-layout":"","ast-disable-related-posts":"","theme-transparent-header-meta":"","adv-header-id-meta":"","stick-header-meta":"","header-above-stick-meta":"","header-main-stick-meta":"","header-below-stick-meta":"","astra-migrate-meta-layouts":"default","ast-page-background-enabled":"default","ast-page-background-meta":{"desktop":{"background-color":"var(--ast-global-color-5)","background-image":"","background-repeat":"repeat","background-position":"center center","background-size":"auto","background-attachment":"scroll","background-type":"","background-media":"","overlay-type":"","overlay-color":"","overlay-opacity":"","overlay-gradient":""},"tablet":{"background-color":"","background-image":"","background-repeat":"repeat","background-position":"center center","background-size":"auto","background-attachment":"scroll","background-type":"","background-media":"","overlay-type":"","overlay-color":"","overlay-opacity":"","overlay-gradient":""},"mobile":{"background-color":"","background-image":"","background-repeat":"repeat","background-position":"center center","background-size":"auto","background-attachment":"scroll","background-type":"","background-media":"","overlay-type":"","overlay-color":"","overlay-opacity":"","overlay-gradient":""}},"ast-content-background-meta":{"desktop":{"background-color":"var(--ast-global-color-4)","background-image":"","background-repeat":"repeat","background-position":"center center","background-size":"auto","background-attachment":"scroll","background-type":"","background-media":"","overlay-type":"","overlay-color":"","overlay-opacity":"","overlay-gradient":""},"tablet":{"background-color":"var(--ast-global-color-4)","background-image":"","background-repeat":"repeat","background-position":"center center","background-size":"auto","background-attachment":"scroll","background-type":"","background-media":"","overlay-type":"","overlay-color":"","overlay-opacity":"","overlay-gradient":""},"mobile":{"background-color":"var(--ast-global-color-4)","background-image":"","background-repeat":"repeat","background-position":"center center","background-size":"auto","background-attachment":"scroll","background-type":"","background-media":"","overlay-type":"","overlay-color":"","overlay-opacity":"","overlay-gradient":""}},"footnotes":""},"class_list":["post-317","page","type-page","status-publish","hentry"],"_links":{"self":[{"href":"https:\/\/rehse.info\/de\/wp-json\/wp\/v2\/pages\/317","targetHints":{"allow":["GET"]}}],"collection":[{"href":"https:\/\/rehse.info\/de\/wp-json\/wp\/v2\/pages"}],"about":[{"href":"https:\/\/rehse.info\/de\/wp-json\/wp\/v2\/types\/page"}],"author":[{"embeddable":true,"href":"https:\/\/rehse.info\/de\/wp-json\/wp\/v2\/users\/1"}],"replies":[{"embeddable":true,"href":"https:\/\/rehse.info\/de\/wp-json\/wp\/v2\/comments?post=317"}],"version-history":[{"count":38,"href":"https:\/\/rehse.info\/de\/wp-json\/wp\/v2\/pages\/317\/revisions"}],"predecessor-version":[{"id":592,"href":"https:\/\/rehse.info\/de\/wp-json\/wp\/v2\/pages\/317\/revisions\/592"}],"wp:attachment":[{"href":"https:\/\/rehse.info\/de\/wp-json\/wp\/v2\/media?parent=317"}],"curies":[{"name":"wp","href":"https:\/\/api.w.org\/{rel}","templated":true}]}}